{"id":706,"date":"2025-11-17T14:26:18","date_gmt":"2025-11-17T14:26:18","guid":{"rendered":"https:\/\/www.grossmann.it\/datenschutz\/"},"modified":"2025-11-18T14:03:48","modified_gmt":"2025-11-18T14:03:48","slug":"privacy","status":"publish","type":"page","link":"https:\/\/www.grossmann.it\/it\/privacy\/","title":{"rendered":"Privacy"},"content":{"rendered":"\n<style type=\"text\/css\" data-created_by=\"avia_inline_auto\" id=\"style-css-av-r61na-46ce4649a249957c8ffb3b9c70473091\">\n.avia-image-container.av-r61na-46ce4649a249957c8ffb3b9c70473091 img.avia_image{\nbox-shadow:none;\n}\n.avia-image-container.av-r61na-46ce4649a249957c8ffb3b9c70473091 .av-image-caption-overlay-center{\ncolor:#ffffff;\n}\n<\/style>\n<div  class='avia-image-container av-r61na-46ce4649a249957c8ffb3b9c70473091 av-styling- av-img-linked avia-align-center  avia-builder-el-0  el_before_av_one_full  avia-builder-el-first '   itemprop=\"image\" itemscope=\"itemscope\" itemtype=\"https:\/\/schema.org\/ImageObject\" ><div class=\"avia-image-container-inner\"><div class=\"avia-image-overlay-wrap\"><a href=\"https:\/\/www.grossmann.it\/grossmann-partner-bozen\/\" class='avia_image '  aria-label='grossmann-logo-d-it'><img decoding=\"async\" fetchpriority=\"high\" class='wp-image-593 avia-img-lazy-loading-not-593 avia_image ' src=\"https:\/\/www.grossmann.it\/wp-content\/uploads\/2014\/08\/grossmann-logo-d-it1-300x135.png\" alt='' title='grossmann-logo-d-it'  height=\"135\" width=\"300\"  itemprop=\"thumbnailUrl\" srcset=\"https:\/\/www.grossmann.it\/wp-content\/uploads\/2014\/08\/grossmann-logo-d-it1-300x135.png 300w, https:\/\/www.grossmann.it\/wp-content\/uploads\/2014\/08\/grossmann-logo-d-it1-450x202.png 450w, https:\/\/www.grossmann.it\/wp-content\/uploads\/2014\/08\/grossmann-logo-d-it1.png 465w\" sizes=\"(max-width: 300px) 100vw, 300px\" \/><\/a><\/div><\/div><\/div>\n\n<style type=\"text\/css\" data-created_by=\"avia_inline_auto\" id=\"style-css-av-lkw4u-1303a31f2be1b5781e1883849d6339aa\">\n#top .flex_column.av-lkw4u-1303a31f2be1b5781e1883849d6339aa{\nmargin-top:50px;\nmargin-bottom:0px;\n}\n.responsive #top #wrap_all .flex_column.av-lkw4u-1303a31f2be1b5781e1883849d6339aa{\nmargin-top:50px;\nmargin-bottom:0px;\n}\n<\/style>\n<div  class='flex_column av-lkw4u-1303a31f2be1b5781e1883849d6339aa av_one_full  avia-builder-el-1  el_after_av_image  el_before_av_one_full  first flex_column_div  '     ><p>\n<style type=\"text\/css\" data-created_by=\"avia_inline_auto\" id=\"style-css-av-mi38jyyo-2aa33c3f9ee7e27d7c62d0113a65bdc2\">\n#top .av-special-heading.av-mi38jyyo-2aa33c3f9ee7e27d7c62d0113a65bdc2{\npadding-bottom:10px;\n}\nbody .av-special-heading.av-mi38jyyo-2aa33c3f9ee7e27d7c62d0113a65bdc2 .av-special-heading-tag .heading-char{\nfont-size:25px;\n}\n.av-special-heading.av-mi38jyyo-2aa33c3f9ee7e27d7c62d0113a65bdc2 .av-subheading{\nfont-size:15px;\n}\n<\/style>\n<div  class='av-special-heading av-mi38jyyo-2aa33c3f9ee7e27d7c62d0113a65bdc2 av-special-heading-h2 blockquote modern-quote  avia-builder-el-2  el_before_av_textblock  avia-builder-el-first '><h2 class='av-special-heading-tag '  itemprop=\"headline\"  >Privacy<\/h2><div class=\"special-heading-border\"><div class=\"special-heading-inner-border\"><\/div><\/div><\/div><br \/>\n<section  class='av_textblock_section av-mi38js8l-f080360587c77fe357b4daa5c09a72e7 '   itemscope=\"itemscope\" itemtype=\"https:\/\/schema.org\/CreativeWork\" ><div class='avia_textblock'  itemprop=\"text\" ><p>Ai sensi dell\u2019art. 13 del Regolamento (UE) 2016\/679 relativo alla protezione delle persone fisiche con riguardo al trattamento dei dati personali e della raccomandazione n. 2\/2001 relativa ai requisiti minimi per la raccolta di dati on-line nell\u2019UE.<\/p>\n<\/div><\/section><\/p><\/div>\n<div  class='flex_column av-apjee-88702373329d39df7fd063c59e167a96 av_one_full  avia-builder-el-4  el_after_av_one_full  avia-builder-el-last  first flex_column_div  column-top-margin'     ><section  class='av_textblock_section av-mi38mfc6-8e755af7a66f5c285497667890ab22b9 '   itemscope=\"itemscope\" itemtype=\"https:\/\/schema.org\/CreativeWork\" ><div class='avia_textblock'  itemprop=\"text\" ><p><strong>1. Titolare del trattamento dei dati personali<\/strong><\/p>\n<p>Walter Grossmann<br \/>\nGROSSMANN &amp; PARTNER<br \/>\nConsulenza tributaria societaria legale<br \/>\nPiazza della Vittoria 48<br \/>\nI-39100 Bolzano (BZ)<br \/>\nTel.\u00a0<a href=\"tel:\/\/00390471098282\">+39 0471 09 82 82<\/a><br \/>\nCodice fiscale e P.IVA: IT02853130215<br \/>\n<a href=\"mailto:info@grossmann.it\">info@grossmann.it<\/a><\/p>\n<p>Responsabile della Protezione dei Dati Personali<\/p>\n<p>Walter Grossmann<br \/>\nGROSSMANN &amp; PARTNER<br \/>\nConsulenza tributaria societaria legale<br \/>\nPiazza della Vittoria 48<br \/>\nI-39100 Bolzano (BZ)<br \/>\nTel.\u00a0<a href=\"tel:\/\/00390471098282\">+39 0471 09 82 82<\/a><br \/>\nCodice fiscale e P.IVA: IT02853130215<br \/>\n<a href=\"mailto:info@grossmann.it\">info@grossmann.it<\/a><\/p>\n<p>La presente informativa privacy intende fornire informazioni circa il trattamento, le finalit\u00e0, le modalit\u00e0 e, in generale, la gestione dei dati raccolti tramite il sito web www.grossmann.it (di seguito, per brevit\u00e0, il Sito Web). La presente informativa privacy riguarda unicamente il presente Sito Web, escludendo quindi ulteriori pagine visitabili tramite collegamento (link).<\/p>\n<p><strong>2. Finalit\u00e0 del trattamento e base giuridica<\/strong><br \/>\nIl Titolare del trattamento garantisce nell\u2019ambito delle previsioni normative che il trattamento dei dati personali tramite il Sito Web si svolge nel rispetto dei diritti e delle libert\u00e0 fondamentali, nonch\u00e9 della dignit\u00e0 dell\u2019interessato\/a, con particolare riferimento alla riservatezza, all\u2019identit\u00e0 personale e al diritto alla protezione dei dati personali.<br \/>\nNel rispetto delle condizioni di liceit\u00e0 previste all\u2019art. 6 del GDPR 2016\/679, i dati personali da Lei forniti attraverso il Sito Web potranno essere trattati esclusivamente per le seguenti finalit\u00e0:<br \/>\na) Modulo di contatto<br \/>\nL\u2019interessato ha prestato il proprio consenso esplicito al trattamento di tali dati personali per una o pi\u00f9 finalit\u00e0 specifiche (art. 6, comma 1, lett. a) del GDPR 2016\/679).<\/p>\n<p><strong>3. Tipologia di dati trattati<\/strong><br \/>\nPer le finalit\u00e0 sopra citate possono essere oggetto di trattamento principalmente:<br \/>\na. dati personali di natura comune (es. nome, cognome, numero di telefono e indirizzo di posta elettronica).<\/p>\n<p><strong>4. Modalit\u00e0 di trattamento<\/strong><br \/>\nIl trattamento sar\u00e0 effettuato:<br \/>\na. dal solo personale autorizzato per lo svolgimento delle attivit\u00e0 di trattamento;<br \/>\nb. mediante l\u2019utilizzo di sistemi manuali e elettronici;<br \/>\nc. da soggetti autorizzati all\u2019assolvimento di tali compiti ai sensi di legge;<br \/>\nd. con l\u2019impiego di misure organizzative e tecniche adeguate a garantire la riservatezza dei dati ed evitare l\u2019accesso agli stessi da parte di terzi non autorizzati.<br \/>\nI Suoi dati non saranno inseriti in processi decisionali automatizzati.<\/p>\n<p><strong>5. Periodo di conservazione dei dati personali<\/strong><br \/>\nI dati da Lei forniti saranno conservati per il periodo strettamente necessario al perseguimento delle finalit\u00e0 ovvero fino alla revoca del consenso prestato.<\/p>\n<p><strong>6. Diffusione e comunicazione dei dati personali<\/strong><br \/>\nI Suoi dati personali non saranno diffusi. Tuttavia gli stessi potranno essere comunicati a terzi:<br \/>\na. alle Pubbliche Amministrazioni e Autorit\u00e0, ove previsto dalla legge;<br \/>\nb. fornitori di servizi e soggetti terzi in rapporto contrattuale con il Titolare nominati quali \u201cResponsabili del trattamento\u201d ex art. 28 del GDPR e tenuti al rispetto degli obblighi in materia di protezione dei dati, in virt\u00f9 di un apposito atto stipulato con il Titolare;<br \/>\nc. soggetti giuridici legittimati ad accedere ai dati in forza di disposizioni di legge, normative e regolamentari.<\/p>\n<p><strong>7. Diritti degli interessati<\/strong><br \/>\nLei ha diritto di richiedere al Titolare del trattamento i diritti di cui agli artt. 15 e ss. del GDPR 2016\/679:<br \/>\n\u2013 l\u2019accesso ai Suoi dati ed informazioni;<br \/>\n\u2013 la rettifica e la cancellazione (\u201cdiritto all\u2019oblio\u201d) dei dati;<br \/>\n\u2013 la limitazione del trattamento e la possibilit\u00e0 di opporsi al trattamento;<br \/>\n\u2013 la portabilit\u00e0 dei dati;<br \/>\n\u2013 la revoca al consenso del trattamento.<\/p>\n<p>Qualora ritenga che i suoi diritti sono stati violati, Lei ha la facolt\u00e0 e il diritto di esporre reclamo all\u2019Autorit\u00e0 GPDP per la tutela dei dati personali:\u00a0<a href=\"https:\/\/www.garanteprivacy.it\" target=\"_blank\" rel=\"noopener\">www.garanteprivacy.it<\/a><\/p>\n<\/div><\/section><\/div>\n","protected":false},"excerpt":{"rendered":"","protected":false},"author":1205,"featured_media":0,"parent":0,"menu_order":0,"comment_status":"closed","ping_status":"closed","template":"","meta":{"footnotes":""},"class_list":["post-706","page","type-page","status-publish","hentry"],"yoast_head":"<!-- This site is optimized with the Yoast SEO plugin v27.6 - https:\/\/yoast.com\/product\/yoast-seo-wordpress\/ -->\n<title>Privacy - Grossmann &amp; Partner \/ Steuerberatung Wirtschaftspr\u00fcfung Rechtsberatung<\/title>\n<meta name=\"robots\" content=\"index, follow, max-snippet:-1, max-image-preview:large, max-video-preview:-1\" \/>\n<link rel=\"canonical\" href=\"https:\/\/www.grossmann.it\/it\/privacy\/\" \/>\n<meta property=\"og:locale\" content=\"it_IT\" \/>\n<meta property=\"og:type\" content=\"article\" \/>\n<meta property=\"og:title\" content=\"Privacy - Grossmann &amp; Partner \/ Steuerberatung Wirtschaftspr\u00fcfung Rechtsberatung\" \/>\n<meta property=\"og:url\" content=\"https:\/\/www.grossmann.it\/it\/privacy\/\" \/>\n<meta property=\"og:site_name\" content=\"Grossmann &amp; Partner \/ Steuerberatung Wirtschaftspr\u00fcfung Rechtsberatung\" \/>\n<meta property=\"article:modified_time\" content=\"2025-11-18T14:03:48+00:00\" \/>\n<meta name=\"twitter:label1\" content=\"Tempo di lettura stimato\" \/>\n\t<meta name=\"twitter:data1\" content=\"4 minuti\" \/>\n<script type=\"application\/ld+json\" class=\"yoast-schema-graph\">{\"@context\":\"https:\\\/\\\/schema.org\",\"@graph\":[{\"@type\":\"WebPage\",\"@id\":\"https:\\\/\\\/www.grossmann.it\\\/it\\\/privacy\\\/\",\"url\":\"https:\\\/\\\/www.grossmann.it\\\/it\\\/privacy\\\/\",\"name\":\"Privacy - Grossmann &amp; Partner \\\/ Steuerberatung Wirtschaftspr\u00fcfung Rechtsberatung\",\"isPartOf\":{\"@id\":\"https:\\\/\\\/www.grossmann.it\\\/it\\\/#website\"},\"datePublished\":\"2025-11-17T14:26:18+00:00\",\"dateModified\":\"2025-11-18T14:03:48+00:00\",\"breadcrumb\":{\"@id\":\"https:\\\/\\\/www.grossmann.it\\\/it\\\/privacy\\\/#breadcrumb\"},\"inLanguage\":\"it-IT\",\"potentialAction\":[{\"@type\":\"ReadAction\",\"target\":[\"https:\\\/\\\/www.grossmann.it\\\/it\\\/privacy\\\/\"]}]},{\"@type\":\"BreadcrumbList\",\"@id\":\"https:\\\/\\\/www.grossmann.it\\\/it\\\/privacy\\\/#breadcrumb\",\"itemListElement\":[{\"@type\":\"ListItem\",\"position\":1,\"name\":\"Home\",\"item\":\"https:\\\/\\\/www.grossmann.it\\\/it\\\/grossmann-partner-bozen\\\/\"},{\"@type\":\"ListItem\",\"position\":2,\"name\":\"Privacy\"}]},{\"@type\":\"WebSite\",\"@id\":\"https:\\\/\\\/www.grossmann.it\\\/it\\\/#website\",\"url\":\"https:\\\/\\\/www.grossmann.it\\\/it\\\/\",\"name\":\"Grossmann &amp; Partner \\\/ Steuerberatung Wirtschaftspr\u00fcfung Rechtsberatung\",\"description\":\"Eine weitere WordPress-Seite\",\"potentialAction\":[{\"@type\":\"SearchAction\",\"target\":{\"@type\":\"EntryPoint\",\"urlTemplate\":\"https:\\\/\\\/www.grossmann.it\\\/it\\\/?s={search_term_string}\"},\"query-input\":{\"@type\":\"PropertyValueSpecification\",\"valueRequired\":true,\"valueName\":\"search_term_string\"}}],\"inLanguage\":\"it-IT\"}]}<\/script>\n<!-- \/ Yoast SEO plugin. -->","yoast_head_json":{"title":"Privacy - Grossmann &amp; Partner \/ Steuerberatung Wirtschaftspr\u00fcfung Rechtsberatung","robots":{"index":"index","follow":"follow","max-snippet":"max-snippet:-1","max-image-preview":"max-image-preview:large","max-video-preview":"max-video-preview:-1"},"canonical":"https:\/\/www.grossmann.it\/it\/privacy\/","og_locale":"it_IT","og_type":"article","og_title":"Privacy - Grossmann &amp; Partner \/ Steuerberatung Wirtschaftspr\u00fcfung Rechtsberatung","og_url":"https:\/\/www.grossmann.it\/it\/privacy\/","og_site_name":"Grossmann &amp; Partner \/ Steuerberatung Wirtschaftspr\u00fcfung Rechtsberatung","article_modified_time":"2025-11-18T14:03:48+00:00","twitter_misc":{"Tempo di lettura stimato":"4 minuti"},"schema":{"@context":"https:\/\/schema.org","@graph":[{"@type":"WebPage","@id":"https:\/\/www.grossmann.it\/it\/privacy\/","url":"https:\/\/www.grossmann.it\/it\/privacy\/","name":"Privacy - Grossmann &amp; Partner \/ Steuerberatung Wirtschaftspr\u00fcfung Rechtsberatung","isPartOf":{"@id":"https:\/\/www.grossmann.it\/it\/#website"},"datePublished":"2025-11-17T14:26:18+00:00","dateModified":"2025-11-18T14:03:48+00:00","breadcrumb":{"@id":"https:\/\/www.grossmann.it\/it\/privacy\/#breadcrumb"},"inLanguage":"it-IT","potentialAction":[{"@type":"ReadAction","target":["https:\/\/www.grossmann.it\/it\/privacy\/"]}]},{"@type":"BreadcrumbList","@id":"https:\/\/www.grossmann.it\/it\/privacy\/#breadcrumb","itemListElement":[{"@type":"ListItem","position":1,"name":"Home","item":"https:\/\/www.grossmann.it\/it\/grossmann-partner-bozen\/"},{"@type":"ListItem","position":2,"name":"Privacy"}]},{"@type":"WebSite","@id":"https:\/\/www.grossmann.it\/it\/#website","url":"https:\/\/www.grossmann.it\/it\/","name":"Grossmann &amp; Partner \/ Steuerberatung Wirtschaftspr\u00fcfung Rechtsberatung","description":"Eine weitere WordPress-Seite","potentialAction":[{"@type":"SearchAction","target":{"@type":"EntryPoint","urlTemplate":"https:\/\/www.grossmann.it\/it\/?s={search_term_string}"},"query-input":{"@type":"PropertyValueSpecification","valueRequired":true,"valueName":"search_term_string"}}],"inLanguage":"it-IT"}]}},"_links":{"self":[{"href":"https:\/\/www.grossmann.it\/it\/wp-json\/wp\/v2\/pages\/706","targetHints":{"allow":["GET"]}}],"collection":[{"href":"https:\/\/www.grossmann.it\/it\/wp-json\/wp\/v2\/pages"}],"about":[{"href":"https:\/\/www.grossmann.it\/it\/wp-json\/wp\/v2\/types\/page"}],"author":[{"embeddable":true,"href":"https:\/\/www.grossmann.it\/it\/wp-json\/wp\/v2\/users\/1205"}],"replies":[{"embeddable":true,"href":"https:\/\/www.grossmann.it\/it\/wp-json\/wp\/v2\/comments?post=706"}],"version-history":[{"count":6,"href":"https:\/\/www.grossmann.it\/it\/wp-json\/wp\/v2\/pages\/706\/revisions"}],"predecessor-version":[{"id":728,"href":"https:\/\/www.grossmann.it\/it\/wp-json\/wp\/v2\/pages\/706\/revisions\/728"}],"wp:attachment":[{"href":"https:\/\/www.grossmann.it\/it\/wp-json\/wp\/v2\/media?parent=706"}],"curies":[{"name":"wp","href":"https:\/\/api.w.org\/{rel}","templated":true}]}}